{"id":55,"date":"2012-04-30T13:07:30","date_gmt":"2012-04-30T11:07:30","guid":{"rendered":"http:\/\/sites.cardenalcisneros.es\/ciudadarte\/?page_id=55"},"modified":"2012-04-30T13:07:30","modified_gmt":"2012-04-30T11:07:30","slug":"bibliografia","status":"publish","type":"page","link":"https:\/\/sites.cardenalcisneros.es\/ciudadarte\/index.php\/bibliografia\/","title":{"rendered":"Bibliograf\u00eda"},"content":{"rendered":"<p><span style=\"color: #000000;\">AGUILERA ARILLA, M\u00aa J. et al. (2008): <em>Geograf\u00eda General II: Geograf\u00eda Humana<\/em>. Madrid: UNED.<\/span><br \/>\n<span style=\"color: #000000;\">BEN\u00c9VOLO, L. (1994): <em>Or\u00edgenes del urbanismo moderno<\/em>. Madrid: Celeste.<\/span><br \/>\n<span style=\"color: #000000;\">BONET CORREA, A. (1989): <em>Las claves del urbanismo<\/em>. Barcelona: Ariel.<\/span><br \/>\n<span style=\"color: #000000;\">BOVET, M. (2001): \u201cEl paisaje urbano de la ciudad hist\u00f3rica o la historia del paisaje de la ciudad\u201d, <em>\u00cdber. Revista de Did\u00e1ctica de las Ciencias Sociales<\/em>, n\u00ba 27, pp. 7-16.<\/span><br \/>\n<span style=\"color: #000000;\">BRAUN, G.;\u00a0 HOGENBERG, F. (2008): <em>Cities of the World. Complete edition of the colour plates of 1572-1617 (Civitates Orbis Terrarum)<\/em>. Londres: Taschen.<\/span><br \/>\n<span style=\"color: #000000;\">BRAUNFELS, W.\u00a0 (1987):\u00a0<em>Urbanismo occidental<\/em>.<em>\u00a0 <\/em>Madrid:\u00a0Alianza Forma.<\/span><br \/>\n<span style=\"color: #000000;\">BUISSERET, D. (2004). <i>La revoluci\u00f3n cartogr\u00e1fica en Europa, 1400-1800. La representaci\u00f3n de los nuevos mundos en la Europa del Renacimiento<\/i>. Barcelona: Paid\u00f3s Or\u00edgenes.<\/span><br \/>\n<span style=\"color: #000000;\">CANO FORRAT, J. (2003): <em>Introducci\u00f3n a la historia del urbanismo<\/em>. Valencia: Universidad Polit\u00e9cnica.<\/span><br \/>\n<span style=\"color: #000000;\">CASAR PINAZO, J.; y OTROS (1989): <em>Claves para conocer la ciudad<\/em>. Madrid: Akal.<\/span><br \/>\n<span style=\"color: #000000;\">CHUECA GOITIA, F. (1977): <em>La destrucci\u00f3n del legado urban\u00edstico espa\u00f1ol<\/em>. Madrid, Espasa-Calpe. <\/span><br \/>\n<span style=\"color: #000000;\">CHUECA GOITIA, F. (1998): <em>Breve historia del urbanismo<\/em>. Madrid: Alianza.<\/span><br \/>\n<span style=\"color: #000000;\">DELFANTE, Ch. (2006): <em>Gran historia de la ciudad: de Mesopotamia a Estados Unidos<\/em>. Madrid: Abada.<\/span><br \/>\n<span style=\"color: #000000;\">ESTEBAN NOGUERA, J. (2003): <em>La ordenaci\u00f3n urban\u00edstica: conceptos, herramientas y pr\u00e1cticas<\/em>. Barcelona, Electa. <\/span><br \/>\n<span style=\"color: #000000;\">EST\u00c9BANEZ \u00c1LVAREZ, J. (1989): <em>Las ciudades. Morfolog\u00eda y estructura<\/em>. Madrid: S\u00edntesis. <\/span><br \/>\n<span style=\"color: #000000;\">G\u00d3MEZ PALACIOS, J. J. (1989): <em>El latido de la ciudad. Recursos para una animaci\u00f3n humanizadora<\/em>. Madrid: Editorial CCS.<\/span><br \/>\n<span style=\"color: #000000;\">LLULL PE\u00d1ALBA, J. (2015). \u00abLos viajes de Wyngaerde como medio de exploraci\u00f3n del espacio urbano. El proyecto La Ciudad en el Arte\u00bb, en VARIOS AUTORES: <em>Representar la ciudad en la Edad Moderna: 1565, Wyngaerde en Alcal\u00e1<\/em>. Madrid: UNED, pp. 101-138.<\/span><br \/>\n<span style=\"color: #000000;\">NOVOA PORTELA, F.; VILLALBA RUIZ DE TOLEDO, F. J. (2012): <em>Espa\u00f1a medieval. El origen de las ciudades<\/em>. Barcelona, Lunwerg.<\/span><br \/>\n<span style=\"color: #000000;\">PACIONE, M. (2001): <em>Urban Geography: a global perspective<\/em>. Oxford: Routledge. <\/span><br \/>\n<span style=\"color: #000000;\">TER\u00c1N, M. (2004): <em>Ciudades espa\u00f1olas. Estudios de Geograf\u00eda Urbana<\/em>. Madrid: Real Academia de la Historia.<\/span><br \/>\n<span style=\"color: #000000;\">VARIOS AUTORES\u00a0 (2004):\u00a0 <em>La Ingenieria civil en la pintura.<\/em> Madrid: Ministerio de Fomento, CEDEX, Secretaria General Tecnica.<\/span><br \/>\n<span style=\"color: #000000;\">VARIOS AUTORES (2008): <em>Ciudades del Siglo de Oro. Las vistas espa\u00f1olas de Anton van den Wyngaerde<\/em>. Madrid: Ediciones El Viso.<\/span><br \/>\n<span style=\"color: #000000;\">VARIOS AUTORES (2008): <em>Diccionario de geograf\u00eda urbana, urbanismo y ordenaci\u00f3n del territorio<\/em>. Barcelona: Ariel.<\/span><br \/>\n<span style=\"color: #000000;\">VARIOS AUTORES (2011): <em>Arquitecturas pintadas: del Renacimiento al siglo XVIII<\/em>. Madrid: Fundaci\u00f3n Thyssen-Bornemisza.<\/span><br \/>\n<span style=\"color: #000000;\">VARIOS AUTORES (2015): <em>Representar la ciudad en la Edad Moderna: 1565, Wyngaerde en Alcal\u00e1<\/em>. Madrid: UNED.<\/span><br \/>\n<span style=\"color: #000000;\">WINFIELD REYES, F. N. (2010): <em>Historia, teor\u00eda y pr\u00e1ctica del urbanismo<\/em>. M\u00e9xico: Universidad Veracruzana.<\/span><br \/>\n<span style=\"color: #000000;\">ZELLER, O. (2011): <em>Historia de la Europa Urbana<\/em>. Valencia: Servicio de Publicaciones de la Universidad.<\/span><br \/>\n&nbsp;<\/p>\n","protected":false},"excerpt":{"rendered":"<p>AGUILERA ARILLA, M\u00aa J. et al. (2008): Geograf\u00eda General II: Geograf\u00eda Humana. Madrid: UNED. BEN\u00c9VOLO, L. (1994): Or\u00edgenes del urbanismo moderno. Madrid: Celeste. BONET CORREA, A. (1989): Las claves del urbanismo. Barcelona: Ariel. BOVET, M. (2001): \u201cEl paisaje urbano de la ciudad hist\u00f3rica o la historia del paisaje de la ciudad\u201d, \u00cdber. Revista de Did\u00e1ctica [&hellip;]<\/p>\n","protected":false},"author":1,"featured_media":0,"parent":0,"menu_order":4,"comment_status":"closed","ping_status":"closed","template":"","meta":[],"yoast_head":"<!-- This site is optimized with the Yoast SEO plugin v20.7 - https:\/\/yoast.com\/wordpress\/plugins\/seo\/ -->\n<title>Bibliograf\u00eda - La Ciudad en el Arte<\/title>\n<meta name=\"robots\" content=\"index, follow, max-snippet:-1, max-image-preview:large, max-video-preview:-1\" \/>\n<link rel=\"canonical\" href=\"https:\/\/sites.cardenalcisneros.es\/ciudadarte\/index.php\/bibliografia\/\" \/>\n<meta property=\"og:locale\" content=\"es_ES\" \/>\n<meta property=\"og:type\" content=\"article\" \/>\n<meta property=\"og:title\" content=\"Bibliograf\u00eda - La Ciudad en el Arte\" \/>\n<meta property=\"og:description\" content=\"AGUILERA ARILLA, M\u00aa J. et al. (2008): Geograf\u00eda General II: Geograf\u00eda Humana. Madrid: UNED. BEN\u00c9VOLO, L. (1994): Or\u00edgenes del urbanismo moderno. Madrid: Celeste. BONET CORREA, A. (1989): Las claves del urbanismo. Barcelona: Ariel. BOVET, M. (2001): \u201cEl paisaje urbano de la ciudad hist\u00f3rica o la historia del paisaje de la ciudad\u201d, \u00cdber. Revista de Did\u00e1ctica [&hellip;]\" \/>\n<meta property=\"og:url\" content=\"https:\/\/sites.cardenalcisneros.es\/ciudadarte\/index.php\/bibliografia\/\" \/>\n<meta property=\"og:site_name\" content=\"La Ciudad en el Arte\" \/>\n<meta name=\"twitter:card\" content=\"summary_large_image\" \/>\n<meta name=\"twitter:label1\" content=\"Tiempo de lectura\" \/>\n\t<meta name=\"twitter:data1\" content=\"2 minutos\" \/>\n<script type=\"application\/ld+json\" class=\"yoast-schema-graph\">{\"@context\":\"https:\/\/schema.org\",\"@graph\":[{\"@type\":\"WebPage\",\"@id\":\"https:\/\/sites.cardenalcisneros.es\/ciudadarte\/index.php\/bibliografia\/\",\"url\":\"https:\/\/sites.cardenalcisneros.es\/ciudadarte\/index.php\/bibliografia\/\",\"name\":\"Bibliograf\u00eda - La Ciudad en el Arte\",\"isPartOf\":{\"@id\":\"https:\/\/sites.cardenalcisneros.es\/ciudadarte\/#website\"},\"datePublished\":\"2012-04-30T11:07:30+00:00\",\"dateModified\":\"2012-04-30T11:07:30+00:00\",\"breadcrumb\":{\"@id\":\"https:\/\/sites.cardenalcisneros.es\/ciudadarte\/index.php\/bibliografia\/#breadcrumb\"},\"inLanguage\":\"es\",\"potentialAction\":[{\"@type\":\"ReadAction\",\"target\":[\"https:\/\/sites.cardenalcisneros.es\/ciudadarte\/index.php\/bibliografia\/\"]}]},{\"@type\":\"BreadcrumbList\",\"@id\":\"https:\/\/sites.cardenalcisneros.es\/ciudadarte\/index.php\/bibliografia\/#breadcrumb\",\"itemListElement\":[{\"@type\":\"ListItem\",\"position\":1,\"name\":\"Portada\",\"item\":\"https:\/\/sites.cardenalcisneros.es\/ciudadarte\/\"},{\"@type\":\"ListItem\",\"position\":2,\"name\":\"Bibliograf\u00eda\"}]},{\"@type\":\"WebSite\",\"@id\":\"https:\/\/sites.cardenalcisneros.es\/ciudadarte\/#website\",\"url\":\"https:\/\/sites.cardenalcisneros.es\/ciudadarte\/\",\"name\":\"La Ciudad en el Arte\",\"description\":\"Un blog colaborativo sobre Geograf\u00eda, Urbanismo, Historia y Arte\",\"potentialAction\":[{\"@type\":\"SearchAction\",\"target\":{\"@type\":\"EntryPoint\",\"urlTemplate\":\"https:\/\/sites.cardenalcisneros.es\/ciudadarte\/?s={search_term_string}\"},\"query-input\":\"required name=search_term_string\"}],\"inLanguage\":\"es\"}]}<\/script>\n<!-- \/ Yoast SEO plugin. -->","yoast_head_json":{"title":"Bibliograf\u00eda - La Ciudad en el Arte","robots":{"index":"index","follow":"follow","max-snippet":"max-snippet:-1","max-image-preview":"max-image-preview:large","max-video-preview":"max-video-preview:-1"},"canonical":"https:\/\/sites.cardenalcisneros.es\/ciudadarte\/index.php\/bibliografia\/","og_locale":"es_ES","og_type":"article","og_title":"Bibliograf\u00eda - La Ciudad en el Arte","og_description":"AGUILERA ARILLA, M\u00aa J. et al. (2008): Geograf\u00eda General II: Geograf\u00eda Humana. Madrid: UNED. BEN\u00c9VOLO, L. (1994): Or\u00edgenes del urbanismo moderno. Madrid: Celeste. BONET CORREA, A. (1989): Las claves del urbanismo. Barcelona: Ariel. BOVET, M. (2001): \u201cEl paisaje urbano de la ciudad hist\u00f3rica o la historia del paisaje de la ciudad\u201d, \u00cdber. Revista de Did\u00e1ctica [&hellip;]","og_url":"https:\/\/sites.cardenalcisneros.es\/ciudadarte\/index.php\/bibliografia\/","og_site_name":"La Ciudad en el Arte","twitter_card":"summary_large_image","twitter_misc":{"Tiempo de lectura":"2 minutos"},"schema":{"@context":"https:\/\/schema.org","@graph":[{"@type":"WebPage","@id":"https:\/\/sites.cardenalcisneros.es\/ciudadarte\/index.php\/bibliografia\/","url":"https:\/\/sites.cardenalcisneros.es\/ciudadarte\/index.php\/bibliografia\/","name":"Bibliograf\u00eda - La Ciudad en el Arte","isPartOf":{"@id":"https:\/\/sites.cardenalcisneros.es\/ciudadarte\/#website"},"datePublished":"2012-04-30T11:07:30+00:00","dateModified":"2012-04-30T11:07:30+00:00","breadcrumb":{"@id":"https:\/\/sites.cardenalcisneros.es\/ciudadarte\/index.php\/bibliografia\/#breadcrumb"},"inLanguage":"es","potentialAction":[{"@type":"ReadAction","target":["https:\/\/sites.cardenalcisneros.es\/ciudadarte\/index.php\/bibliografia\/"]}]},{"@type":"BreadcrumbList","@id":"https:\/\/sites.cardenalcisneros.es\/ciudadarte\/index.php\/bibliografia\/#breadcrumb","itemListElement":[{"@type":"ListItem","position":1,"name":"Portada","item":"https:\/\/sites.cardenalcisneros.es\/ciudadarte\/"},{"@type":"ListItem","position":2,"name":"Bibliograf\u00eda"}]},{"@type":"WebSite","@id":"https:\/\/sites.cardenalcisneros.es\/ciudadarte\/#website","url":"https:\/\/sites.cardenalcisneros.es\/ciudadarte\/","name":"La Ciudad en el Arte","description":"Un blog colaborativo sobre Geograf\u00eda, Urbanismo, Historia y Arte","potentialAction":[{"@type":"SearchAction","target":{"@type":"EntryPoint","urlTemplate":"https:\/\/sites.cardenalcisneros.es\/ciudadarte\/?s={search_term_string}"},"query-input":"required name=search_term_string"}],"inLanguage":"es"}]}},"_links":{"self":[{"href":"https:\/\/sites.cardenalcisneros.es\/ciudadarte\/index.php\/wp-json\/wp\/v2\/pages\/55"}],"collection":[{"href":"https:\/\/sites.cardenalcisneros.es\/ciudadarte\/index.php\/wp-json\/wp\/v2\/pages"}],"about":[{"href":"https:\/\/sites.cardenalcisneros.es\/ciudadarte\/index.php\/wp-json\/wp\/v2\/types\/page"}],"author":[{"embeddable":true,"href":"https:\/\/sites.cardenalcisneros.es\/ciudadarte\/index.php\/wp-json\/wp\/v2\/users\/1"}],"replies":[{"embeddable":true,"href":"https:\/\/sites.cardenalcisneros.es\/ciudadarte\/index.php\/wp-json\/wp\/v2\/comments?post=55"}],"version-history":[{"count":0,"href":"https:\/\/sites.cardenalcisneros.es\/ciudadarte\/index.php\/wp-json\/wp\/v2\/pages\/55\/revisions"}],"wp:attachment":[{"href":"https:\/\/sites.cardenalcisneros.es\/ciudadarte\/index.php\/wp-json\/wp\/v2\/media?parent=55"}],"curies":[{"name":"wp","href":"https:\/\/api.w.org\/{rel}","templated":true}]}}