{"id":3836,"date":"2012-11-27T14:51:16","date_gmt":"2012-11-27T13:51:16","guid":{"rendered":"http:\/\/sites.cardenalcisneros.es\/ciudadarte\/?page_id=3836"},"modified":"2012-11-27T14:51:16","modified_gmt":"2012-11-27T13:51:16","slug":"agenda","status":"publish","type":"page","link":"https:\/\/sites.cardenalcisneros.es\/ciudadarte\/index.php\/agenda\/","title":{"rendered":"Agenda"},"content":{"rendered":"<h3>21 octubre 2015<\/h3>\n<p>&nbsp;<br \/>\n<span style=\"color: #000000;\">Presentaci\u00f3n del libro <em>Representar la ciudad en la Edad Moderna: 1565, Wyngaerde en Alcal\u00e1<\/em> editado por la UNED, la UAH y la IECC, en el que se refiere el proyecto La Ciudad en el Arte.<\/span><br \/>\n<span style=\"color: #000000;\">Alcal\u00e1 de Henares, Sala de Conferencias Internacionales del Rectorado de la Universidad.<\/span><br \/>\n<span style=\"color: #000000;\">\u00a0<\/span><\/p>\n<h3><span style=\"color: #000000;\">5\u00a0marzo 2014<\/span><\/h3>\n<p><span style=\"color: #000000;\">\u00a0<\/span><br \/>\n<span style=\"color: #000000;\">Seminario sobre la percepci\u00f3n del espacio urbano desde la mirada del artista.<\/span><br \/>\n<span style=\"color: #000000;\">Enmarcada en la exposici\u00f3n de pintura \u00abPaisajes Urbanos\u00bb del artista Francisco Motto Portillo (4-28 marzo 2014).<\/span><br \/>\n<span style=\"color: #000000;\">Alcal\u00e1 de Henares, Sala de exposiciones del Centro Universitario Cardenal Cisneros.<\/span><br \/>\n<span style=\"color: #000000;\">\u00a0<\/span><br \/>\n<span style=\"color: #000000;\">\u00a0<\/span><\/p>\n<h3><span style=\"color: #000000;\">17 octubre 2013<\/span><\/h3>\n<p><span style=\"color: #000000;\">\u00a0<\/span><br \/>\n<span style=\"color: #000000;\">Ponencia\u00a0\u00abLa Ciudad en el Arte\u00bb.<\/span><br \/>\n<span style=\"color: #000000;\">Curso de Did\u00e1ctica del Patrimonio\u00a0y trabajo por proyectos, organizado por la Conseller\u00eda de Cultura,\u00a0Educaci\u00f3n\u00a0e Ordenaci\u00f3n Universitaria de la Xunta de Galicia.<\/span><br \/>\n<span style=\"color: #000000;\">Lugo, Centro de Formaci\u00f3n e Recursos.<\/span><br \/>\n<span style=\"color: #000000;\">\u00a0<\/span><br \/>\n<span style=\"color: #000000;\">\u00a0<\/span><\/p>\n<h3><span style=\"color: #000000;\">4 julio 2013:<\/span><\/h3>\n<p><span style=\"color: #000000;\">\u00a0<\/span><br \/>\n<span style=\"color: #000000;\">Ponencia\u00a0\u00abHeritage Education as a Core Topic for Social Sciences\u00bb.<\/span><br \/>\n<span style=\"color: #000000;\">III Campus Biling\u00fce, organizado por el Centro Universitario Cardenal Cisneros y la Editorial Edelvives.<\/span><br \/>\n<span style=\"color: #000000;\">Alcal\u00e1 de Henares, Centro Universitario Cardenal Cisneros.<\/span><br \/>\n<span style=\"color: #000000;\">\u00a0<\/span><br \/>\n<span style=\"color: #000000;\">\u00a0<\/span><\/p>\n<h3><span style=\"color: #000000;\">24 mayo 2013<\/span><\/h3>\n<p><span style=\"color: #000000;\">\u00a0<\/span><br \/>\n<span style=\"color: #000000;\">Galardonado en la V Convocatoria de los Premios del Programa BEDA.<\/span><br \/>\n<span style=\"color: #000000;\">Patrocinado por la FERE, Escuelas Cat\u00f3licas de Madrid y la Editorial MacMillan.<\/span><br \/>\n<span style=\"color: #000000;\">Madrid, Colegio Para\u00edso Sagrados Corazones.<\/span><br \/>\n<span style=\"color: #000000;\">\u00a0<\/span><br \/>\n<span style=\"color: #000000;\">\u00a0<\/span><\/p>\n<h3><span style=\"color: #000000;\">26\u00a0febrero 2013<\/span><\/h3>\n<p><span style=\"color: #000000;\">\u00a0<\/span><br \/>\n<span style=\"color: #000000;\">Ponencia\u00a0\u00abLa Ciudad en el Arte\u00bb.<\/span><br \/>\n<span style=\"color: #000000;\">Curso de Did\u00e1ctica del Patrimonio\u00a0y trabajo por proyectos, organizado por la Conseller\u00eda de Cultura,\u00a0Educaci\u00f3n\u00a0e Ordenaci\u00f3n Universitaria de la Xunta de Galicia.<\/span><br \/>\n<span style=\"color: #000000;\">Santiago de Compostela, Centro Auton\u00f3mico de Formaci\u00f3n e Innovaci\u00f3n.<\/span><br \/>\n<span style=\"color: #000000;\">\u00a0<\/span><br \/>\n<span style=\"color: #000000;\">\u00a0<\/span><\/p>\n<h3><span style=\"color: #000000;\">25\u00a0febrero 2013<\/span><\/h3>\n<p><span style=\"color: #000000;\">\u00a0<\/span><br \/>\n<span style=\"color: #000000;\">Ponencia\u00a0\u00abLa Ciudad en el Arte\u00bb.<\/span><br \/>\n<span style=\"color: #000000;\">Curso de Did\u00e1ctica del Patrimonio\u00a0y trabajo por proyectos, organizado por la Conseller\u00eda de Cultura,\u00a0Educaci\u00f3n\u00a0e Ordenaci\u00f3n Universitaria de la Xunta de Galicia.\u00a0<\/span><br \/>\n<span style=\"color: #000000;\">Lugo, Centro de Formaci\u00f3n e Recursos.\u00a0\u00a0<\/span><br \/>\n<span style=\"color: #000000;\">\u00a0<\/span><br \/>\n<span style=\"color: #000000;\">\u00a0<\/span><\/p>\n<h3><span style=\"color: #000000;\">28 y 29\u00a0noviembre 2012<\/span><\/h3>\n<p><span style=\"color: #000000;\">\u00a0<\/span><br \/>\n<span style=\"color: #000000;\">Ponencia\u00a0\u00abLa Ciudad en el Arte\u00bb.<\/span><br \/>\n<span style=\"color: #000000;\">Curso de Did\u00e1ctica del Patrimonio\u00a0y trabajo por proyectos, organizado por la Conseller\u00eda de Cultura, Educaci\u00f3n\u00a0e Ordenaci\u00f3n Universitaria de la Xunta de Galicia.<\/span><br \/>\n<span style=\"color: #000000;\">A Coru\u00f1a, Centro de Formaci\u00f3n y Recursos para el Profesorado.<\/span><br \/>\n<span style=\"color: #000000;\">\u00a0<\/span><br \/>\n<span style=\"color: #000000;\">\u00a0<\/span><\/p>\n<h3><span style=\"color: #000000;\">24 noviembre 2012<\/span><\/h3>\n<p><span style=\"color: #000000;\">\u00a0<\/span><br \/>\n<span style=\"color: #000000;\">Comunicaci\u00f3n titulada \u00abLa Ciudad en el Arte: multimedia colaborativa para ense\u00f1ar Geograf\u00eda, Historia y Arte\u00bb.<\/span><br \/>\n<span style=\"color: #000000;\">I Congreso Europeo de Did\u00e1ctica de la Geograf\u00eda: Innovaci\u00f3n en la ense\u00f1anza de la Geograf\u00eda ante los desaf\u00edos sociales y territoriales,\u00a0organizado por el Grupo de Did\u00e1ctica de la Geograf\u00eda de la Asociaci\u00f3n de Ge\u00f3grafos Espa\u00f1oles y la red Comenius-Digital Earth.<\/span><br \/>\n<span style=\"color: #000000;\">Universidad de Zaragoza, Facultad de Educaci\u00f3n.<\/span><br \/>\n<span style=\"color: #000000;\">\u00a0<\/span><\/p>\n<p style=\"text-align: justify;\"><span style=\"color: #000000;\"><br \/>\n<\/span><\/p>\n","protected":false},"excerpt":{"rendered":"<p>21 octubre 2015 &nbsp; Presentaci\u00f3n del libro Representar la ciudad en la Edad Moderna: 1565, Wyngaerde en Alcal\u00e1 editado por la UNED, la UAH y la IECC, en el que se refiere el proyecto La Ciudad en el Arte. Alcal\u00e1 de Henares, Sala de Conferencias Internacionales del Rectorado de la Universidad. \u00a0 5\u00a0marzo 2014 \u00a0 [&hellip;]<\/p>\n","protected":false},"author":1,"featured_media":0,"parent":0,"menu_order":10,"comment_status":"closed","ping_status":"open","template":"","meta":[],"yoast_head":"<!-- This site is optimized with the Yoast SEO plugin v20.7 - https:\/\/yoast.com\/wordpress\/plugins\/seo\/ -->\n<title>Agenda - La Ciudad en el Arte<\/title>\n<meta name=\"robots\" content=\"index, follow, max-snippet:-1, max-image-preview:large, max-video-preview:-1\" \/>\n<link rel=\"canonical\" href=\"https:\/\/sites.cardenalcisneros.es\/ciudadarte\/index.php\/agenda\/\" \/>\n<meta property=\"og:locale\" content=\"es_ES\" \/>\n<meta property=\"og:type\" content=\"article\" \/>\n<meta property=\"og:title\" content=\"Agenda - La Ciudad en el Arte\" \/>\n<meta property=\"og:description\" content=\"21 octubre 2015 &nbsp; Presentaci\u00f3n del libro Representar la ciudad en la Edad Moderna: 1565, Wyngaerde en Alcal\u00e1 editado por la UNED, la UAH y la IECC, en el que se refiere el proyecto La Ciudad en el Arte. Alcal\u00e1 de Henares, Sala de Conferencias Internacionales del Rectorado de la Universidad. \u00a0 5\u00a0marzo 2014 \u00a0 [&hellip;]\" \/>\n<meta property=\"og:url\" content=\"https:\/\/sites.cardenalcisneros.es\/ciudadarte\/index.php\/agenda\/\" \/>\n<meta property=\"og:site_name\" content=\"La Ciudad en el Arte\" \/>\n<meta name=\"twitter:card\" content=\"summary_large_image\" \/>\n<meta name=\"twitter:label1\" content=\"Tiempo de lectura\" \/>\n\t<meta name=\"twitter:data1\" content=\"2 minutos\" \/>\n<script type=\"application\/ld+json\" class=\"yoast-schema-graph\">{\"@context\":\"https:\/\/schema.org\",\"@graph\":[{\"@type\":\"WebPage\",\"@id\":\"https:\/\/sites.cardenalcisneros.es\/ciudadarte\/index.php\/agenda\/\",\"url\":\"https:\/\/sites.cardenalcisneros.es\/ciudadarte\/index.php\/agenda\/\",\"name\":\"Agenda - La Ciudad en el Arte\",\"isPartOf\":{\"@id\":\"https:\/\/sites.cardenalcisneros.es\/ciudadarte\/#website\"},\"datePublished\":\"2012-11-27T13:51:16+00:00\",\"dateModified\":\"2012-11-27T13:51:16+00:00\",\"breadcrumb\":{\"@id\":\"https:\/\/sites.cardenalcisneros.es\/ciudadarte\/index.php\/agenda\/#breadcrumb\"},\"inLanguage\":\"es\",\"potentialAction\":[{\"@type\":\"ReadAction\",\"target\":[\"https:\/\/sites.cardenalcisneros.es\/ciudadarte\/index.php\/agenda\/\"]}]},{\"@type\":\"BreadcrumbList\",\"@id\":\"https:\/\/sites.cardenalcisneros.es\/ciudadarte\/index.php\/agenda\/#breadcrumb\",\"itemListElement\":[{\"@type\":\"ListItem\",\"position\":1,\"name\":\"Portada\",\"item\":\"https:\/\/sites.cardenalcisneros.es\/ciudadarte\/\"},{\"@type\":\"ListItem\",\"position\":2,\"name\":\"Agenda\"}]},{\"@type\":\"WebSite\",\"@id\":\"https:\/\/sites.cardenalcisneros.es\/ciudadarte\/#website\",\"url\":\"https:\/\/sites.cardenalcisneros.es\/ciudadarte\/\",\"name\":\"La Ciudad en el Arte\",\"description\":\"Un blog colaborativo sobre Geograf\u00eda, Urbanismo, Historia y Arte\",\"potentialAction\":[{\"@type\":\"SearchAction\",\"target\":{\"@type\":\"EntryPoint\",\"urlTemplate\":\"https:\/\/sites.cardenalcisneros.es\/ciudadarte\/?s={search_term_string}\"},\"query-input\":\"required name=search_term_string\"}],\"inLanguage\":\"es\"}]}<\/script>\n<!-- \/ Yoast SEO plugin. -->","yoast_head_json":{"title":"Agenda - La Ciudad en el Arte","robots":{"index":"index","follow":"follow","max-snippet":"max-snippet:-1","max-image-preview":"max-image-preview:large","max-video-preview":"max-video-preview:-1"},"canonical":"https:\/\/sites.cardenalcisneros.es\/ciudadarte\/index.php\/agenda\/","og_locale":"es_ES","og_type":"article","og_title":"Agenda - La Ciudad en el Arte","og_description":"21 octubre 2015 &nbsp; Presentaci\u00f3n del libro Representar la ciudad en la Edad Moderna: 1565, Wyngaerde en Alcal\u00e1 editado por la UNED, la UAH y la IECC, en el que se refiere el proyecto La Ciudad en el Arte. Alcal\u00e1 de Henares, Sala de Conferencias Internacionales del Rectorado de la Universidad. \u00a0 5\u00a0marzo 2014 \u00a0 [&hellip;]","og_url":"https:\/\/sites.cardenalcisneros.es\/ciudadarte\/index.php\/agenda\/","og_site_name":"La Ciudad en el Arte","twitter_card":"summary_large_image","twitter_misc":{"Tiempo de lectura":"2 minutos"},"schema":{"@context":"https:\/\/schema.org","@graph":[{"@type":"WebPage","@id":"https:\/\/sites.cardenalcisneros.es\/ciudadarte\/index.php\/agenda\/","url":"https:\/\/sites.cardenalcisneros.es\/ciudadarte\/index.php\/agenda\/","name":"Agenda - La Ciudad en el Arte","isPartOf":{"@id":"https:\/\/sites.cardenalcisneros.es\/ciudadarte\/#website"},"datePublished":"2012-11-27T13:51:16+00:00","dateModified":"2012-11-27T13:51:16+00:00","breadcrumb":{"@id":"https:\/\/sites.cardenalcisneros.es\/ciudadarte\/index.php\/agenda\/#breadcrumb"},"inLanguage":"es","potentialAction":[{"@type":"ReadAction","target":["https:\/\/sites.cardenalcisneros.es\/ciudadarte\/index.php\/agenda\/"]}]},{"@type":"BreadcrumbList","@id":"https:\/\/sites.cardenalcisneros.es\/ciudadarte\/index.php\/agenda\/#breadcrumb","itemListElement":[{"@type":"ListItem","position":1,"name":"Portada","item":"https:\/\/sites.cardenalcisneros.es\/ciudadarte\/"},{"@type":"ListItem","position":2,"name":"Agenda"}]},{"@type":"WebSite","@id":"https:\/\/sites.cardenalcisneros.es\/ciudadarte\/#website","url":"https:\/\/sites.cardenalcisneros.es\/ciudadarte\/","name":"La Ciudad en el Arte","description":"Un blog colaborativo sobre Geograf\u00eda, Urbanismo, Historia y Arte","potentialAction":[{"@type":"SearchAction","target":{"@type":"EntryPoint","urlTemplate":"https:\/\/sites.cardenalcisneros.es\/ciudadarte\/?s={search_term_string}"},"query-input":"required name=search_term_string"}],"inLanguage":"es"}]}},"_links":{"self":[{"href":"https:\/\/sites.cardenalcisneros.es\/ciudadarte\/index.php\/wp-json\/wp\/v2\/pages\/3836"}],"collection":[{"href":"https:\/\/sites.cardenalcisneros.es\/ciudadarte\/index.php\/wp-json\/wp\/v2\/pages"}],"about":[{"href":"https:\/\/sites.cardenalcisneros.es\/ciudadarte\/index.php\/wp-json\/wp\/v2\/types\/page"}],"author":[{"embeddable":true,"href":"https:\/\/sites.cardenalcisneros.es\/ciudadarte\/index.php\/wp-json\/wp\/v2\/users\/1"}],"replies":[{"embeddable":true,"href":"https:\/\/sites.cardenalcisneros.es\/ciudadarte\/index.php\/wp-json\/wp\/v2\/comments?post=3836"}],"version-history":[{"count":0,"href":"https:\/\/sites.cardenalcisneros.es\/ciudadarte\/index.php\/wp-json\/wp\/v2\/pages\/3836\/revisions"}],"wp:attachment":[{"href":"https:\/\/sites.cardenalcisneros.es\/ciudadarte\/index.php\/wp-json\/wp\/v2\/media?parent=3836"}],"curies":[{"name":"wp","href":"https:\/\/api.w.org\/{rel}","templated":true}]}}